{"id":8348,"date":"2025-07-10T06:00:46","date_gmt":"2025-07-10T06:00:46","guid":{"rendered":"https:\/\/ofertasdiversia.com.es\/index.php\/producto\/b0csdwlq59\/"},"modified":"2025-07-10T06:00:46","modified_gmt":"2025-07-10T06:00:46","slug":"b0csdwlq59","status":"publish","type":"product","link":"https:\/\/ofertasdiversia.com.es\/index.php\/producto\/b0csdwlq59\/","title":{"rendered":"B0CSDWLQ59"},"content":{"rendered":"<p>&#8211; DISE\u00d1O ELEGANTE: Este pa\u00f1uelo\/bufanda con detalles distintivos de Tommy Jeans tiene un dise\u00f1o atemporal que se adapta a cualquier ocasi\u00f3n. El canal\u00e9 proporciona un toque extra de elegancia a cualquier look.<br \/>\n&#8211; CONFORT M\u00c1XIMO: Este pa\u00f1uelo\/bufanda es la prenda perfecta para los d\u00edas de oto\u00f1o e invierno. El suave material garantiza que sea superc\u00f3modo, adem\u00e1s combina a la perfecci\u00f3n tanto con conjuntos elegantes como deportivos.<br \/>\n&#8211; ACCESORIO PERFECTO: Esta bufanda de algod\u00f3n sostenible es perfecta para usarla todos los d\u00edas o salir de casa en invierno. Esta prenda de excelente calidad se puede combinar de muchas maneras y realza cualquier atuendo.<br \/>\n&#8211; MATERIAL Y CUIDADO: Bufanda de algod\u00f3n org\u00e1nico 100 %. Se puede lavar a m\u00e1quina y secar en secadora.<br \/>\n&#8211; MODA URBANA REINTERPRETADA: Para acercar las populares prendas de los 90 a las nuevas generaciones, Tommy Jeans se inspira en los iconos del hip-hop de aquella \u00e9poca. Apostando por prendas de alta calidad y dise\u00f1os modernos con mucho denim.<\/p>\n","protected":false},"excerpt":{"rendered":"<p>Tommy Jeans Bufanda Mujer Elongated Flag Scarf de Algod\u00f3n, Negro (Black), Talla \u00fanica<br \/>\n<br \/>\n#Publicidad<\/p>\n","protected":false},"featured_media":8347,"comment_status":"open","ping_status":"closed","template":"","meta":{"saved_in_kubio":false},"product_cat":[15],"product_tag":[],"class_list":{"0":"post-8348","1":"product","2":"type-product","3":"status-publish","4":"has-post-thumbnail","6":"product_cat-sin-categorizar","8":"first","9":"instock","10":"shipping-taxable","11":"product-type-external"},"_links":{"self":[{"href":"https:\/\/ofertasdiversia.com.es\/index.php\/wp-json\/wp\/v2\/product\/8348","targetHints":{"allow":["GET"]}}],"collection":[{"href":"https:\/\/ofertasdiversia.com.es\/index.php\/wp-json\/wp\/v2\/product"}],"about":[{"href":"https:\/\/ofertasdiversia.com.es\/index.php\/wp-json\/wp\/v2\/types\/product"}],"replies":[{"embeddable":true,"href":"https:\/\/ofertasdiversia.com.es\/index.php\/wp-json\/wp\/v2\/comments?post=8348"}],"wp:featuredmedia":[{"embeddable":true,"href":"https:\/\/ofertasdiversia.com.es\/index.php\/wp-json\/wp\/v2\/media\/8347"}],"wp:attachment":[{"href":"https:\/\/ofertasdiversia.com.es\/index.php\/wp-json\/wp\/v2\/media?parent=8348"}],"wp:term":[{"taxonomy":"product_cat","embeddable":true,"href":"https:\/\/ofertasdiversia.com.es\/index.php\/wp-json\/wp\/v2\/product_cat?post=8348"},{"taxonomy":"product_tag","embeddable":true,"href":"https:\/\/ofertasdiversia.com.es\/index.php\/wp-json\/wp\/v2\/product_tag?post=8348"}],"curies":[{"name":"wp","href":"https:\/\/api.w.org\/{rel}","templated":true}]}}