{"id":8284,"date":"2025-07-07T08:00:49","date_gmt":"2025-07-07T08:00:49","guid":{"rendered":"https:\/\/ofertasdiversia.com.es\/index.php\/producto\/b0cw37wljx\/"},"modified":"2025-07-07T08:00:49","modified_gmt":"2025-07-07T08:00:49","slug":"b0cw37wljx","status":"publish","type":"product","link":"https:\/\/ofertasdiversia.com.es\/index.php\/producto\/b0cw37wljx\/","title":{"rendered":"B0CW37WLJX"},"content":{"rendered":"<p>&#8211; MATERIAL: Camisa de cuadros manga larga para hombres con tejido de algod\u00f3n y poli\u00e9ster. Agradable para la piel, transpirable, no se deforma f\u00e1cilmente, f\u00e1cil de cuidar<br \/>\n&#8211; DISE\u00d1O: Camisas con botones para hombre, manga larga, cuello solapa, 1 bolsillo en el pecho, dise\u00f1o cl\u00e1sico a cuadros, bajo redondeado y pu\u00f1os ajustables, ajuste regular<br \/>\n&#8211; ROPA A JUEGO: Las camisas hombre manga larga se pueden usar con pantalones, jeans, pantalones casuales, chaquetas, zapatillas de deporte, etc. Tambi\u00e9n se pueden usar con camisetas como sobrecamisa<br \/>\n&#8211; OCASI\u00d3N: Camisas a cuadros hombre son adecuadas para todas las ocasiones y estaciones, como uso diario, vacaciones, caminatas, casual, trabajo, camisa le\u00f1ador hombre. Tambi\u00e9n excelentes regalos para familiares y amigos en cumplea\u00f1os, D\u00eda del Padre, D\u00eda de San Valent\u00edn<br \/>\n&#8211; GUIA DE LAVADO: Lavado a mano o a m\u00e1quina. Temperatura m\u00e1xima de lavado 30\u00b0. Se puede planchar a bajas temperaturas. No use lej\u00eda. Disponible en varios colores y tallas grandes<\/p>\n","protected":false},"excerpt":{"rendered":"<p>Enlision Camisa Hombre Manga Larga Azul Claro y Blanco Camisas Cuadros Le\u00f1ador Casual Cl\u00e1sica para Hombre con Botones Bolsillo Regular Fit Tallas Grandes L<br \/>\n<br \/>\n#Publicidad<\/p>\n","protected":false},"featured_media":8283,"comment_status":"open","ping_status":"closed","template":"","meta":{"saved_in_kubio":false},"product_cat":[15],"product_tag":[],"class_list":{"0":"post-8284","1":"product","2":"type-product","3":"status-publish","4":"has-post-thumbnail","6":"product_cat-sin-categorizar","8":"first","9":"instock","10":"shipping-taxable","11":"product-type-external"},"_links":{"self":[{"href":"https:\/\/ofertasdiversia.com.es\/index.php\/wp-json\/wp\/v2\/product\/8284","targetHints":{"allow":["GET"]}}],"collection":[{"href":"https:\/\/ofertasdiversia.com.es\/index.php\/wp-json\/wp\/v2\/product"}],"about":[{"href":"https:\/\/ofertasdiversia.com.es\/index.php\/wp-json\/wp\/v2\/types\/product"}],"replies":[{"embeddable":true,"href":"https:\/\/ofertasdiversia.com.es\/index.php\/wp-json\/wp\/v2\/comments?post=8284"}],"wp:featuredmedia":[{"embeddable":true,"href":"https:\/\/ofertasdiversia.com.es\/index.php\/wp-json\/wp\/v2\/media\/8283"}],"wp:attachment":[{"href":"https:\/\/ofertasdiversia.com.es\/index.php\/wp-json\/wp\/v2\/media?parent=8284"}],"wp:term":[{"taxonomy":"product_cat","embeddable":true,"href":"https:\/\/ofertasdiversia.com.es\/index.php\/wp-json\/wp\/v2\/product_cat?post=8284"},{"taxonomy":"product_tag","embeddable":true,"href":"https:\/\/ofertasdiversia.com.es\/index.php\/wp-json\/wp\/v2\/product_tag?post=8284"}],"curies":[{"name":"wp","href":"https:\/\/api.w.org\/{rel}","templated":true}]}}