{"id":68,"date":"2024-07-09T06:00:25","date_gmt":"2024-07-09T06:00:25","guid":{"rendered":"https:\/\/ofertasdiversia.com.es\/index.php\/producto\/b01hz5k8ue\/"},"modified":"2024-07-09T06:00:25","modified_gmt":"2024-07-09T06:00:25","slug":"b01hz5k8ue","status":"publish","type":"product","link":"https:\/\/ofertasdiversia.com.es\/index.php\/producto\/b01hz5k8ue\/","title":{"rendered":"B01HZ5K8UE"},"content":{"rendered":"<p>&#8211; Una herramienta de estilismo dos en uno que ofrece la potencia de un secador y el volumen de un moldeador<br \/>\n&#8211; Se desliza por el cabello con suavidad y desenreda, seca y da volumen en la mitad de tiempo; El cepillo ovalado crea volumen en la ra\u00edz y ondula las puntas<br \/>\n&#8211; Con TOURMALINE IONIC TECHNOLOGY para un secado m\u00e1s r\u00e1pido y menores da\u00f1os<br \/>\n&#8211; 2 posiciones de calor y una de aire fr\u00edo<br \/>\n&#8211; Para media melena y pelo largo<\/p>\n","protected":false},"excerpt":{"rendered":"<p>Revlon Pro Collection Salon One-Step &#8211; Secador y volumizador (3 posiciones de calor y 2 velocidades, revesimiento ceramico, mango ergonomico), negro y rosa<\/p>\n","protected":false},"featured_media":67,"comment_status":"open","ping_status":"closed","template":"","meta":{"saved_in_kubio":false},"product_cat":[15],"product_tag":[],"class_list":{"0":"post-68","1":"product","2":"type-product","3":"status-publish","4":"has-post-thumbnail","6":"product_cat-sin-categorizar","8":"first","9":"instock","10":"shipping-taxable","11":"product-type-external"},"_links":{"self":[{"href":"https:\/\/ofertasdiversia.com.es\/index.php\/wp-json\/wp\/v2\/product\/68","targetHints":{"allow":["GET"]}}],"collection":[{"href":"https:\/\/ofertasdiversia.com.es\/index.php\/wp-json\/wp\/v2\/product"}],"about":[{"href":"https:\/\/ofertasdiversia.com.es\/index.php\/wp-json\/wp\/v2\/types\/product"}],"replies":[{"embeddable":true,"href":"https:\/\/ofertasdiversia.com.es\/index.php\/wp-json\/wp\/v2\/comments?post=68"}],"wp:featuredmedia":[{"embeddable":true,"href":"https:\/\/ofertasdiversia.com.es\/index.php\/wp-json\/wp\/v2\/media\/67"}],"wp:attachment":[{"href":"https:\/\/ofertasdiversia.com.es\/index.php\/wp-json\/wp\/v2\/media?parent=68"}],"wp:term":[{"taxonomy":"product_cat","embeddable":true,"href":"https:\/\/ofertasdiversia.com.es\/index.php\/wp-json\/wp\/v2\/product_cat?post=68"},{"taxonomy":"product_tag","embeddable":true,"href":"https:\/\/ofertasdiversia.com.es\/index.php\/wp-json\/wp\/v2\/product_tag?post=68"}],"curies":[{"name":"wp","href":"https:\/\/api.w.org\/{rel}","templated":true}]}}