{"id":64,"date":"2024-07-09T02:00:25","date_gmt":"2024-07-09T02:00:25","guid":{"rendered":"https:\/\/ofertasdiversia.com.es\/index.php\/producto\/b07mvy6rwp\/"},"modified":"2024-07-09T02:00:25","modified_gmt":"2024-07-09T02:00:25","slug":"b07mvy6rwp","status":"publish","type":"product","link":"https:\/\/ofertasdiversia.com.es\/index.php\/producto\/b07mvy6rwp\/","title":{"rendered":"B07MVY6RWP"},"content":{"rendered":"<p>&#8211; Cuchillos cocina profesional &#8211; Hecho de acero inoxidable al carbono de alta calidad que contiene 0,6-0,75% de carbono y 16-18% de cromo con una dureza de 56-58 Rockwell, este cuchillo de chef tiene una alta resistencia a la corrosi\u00f3n, alta dureza y resistencia al desgaste. Se puede utilizar para todas tus preparaciones en la cocina, como cortar, rebanar y picar todo tipo de carnes, verduras y frutas<br \/>\n&#8211; Filo S\u00faper Afilado &#8211; Pulido a mano por artesanos con d\u00e9cadas de experiencia para garantizar su duraci\u00f3n. El hilo pulido de este cuchillo de cocina es de 14-16 grados por lado y su grosor es de solo 2,5 mm. La cuchilla fuerte y afilada hace que corte muy bien, ayuda a mejorar la eficiencia y ahorra tiempo de cocci\u00f3n<br \/>\n&#8211; Mango Ergon\u00f3mico de Micarta &#8211; El cuchillo cocina japon\u00e9s equipado con un mango de Micarta, fijado con 3 remaches para un excelente equilibrio y calidad. El mango de Micarta s\u00f3lido y ergon\u00f3mico puede minimizar la tensi\u00f3n de la mu\u00f1eca al tiempo que proporciona un agarre seguro y c\u00f3modo. Incluso despu\u00e9s de un uso prolongado, la palma y la mu\u00f1eca no se cansar\u00e1n<br \/>\n&#8211; Dise\u00f1o Elegante &#8211; \u00a1un s\u00faper cuchillo de chef con un mango y una hoja de calidad! La superficie de la hoja dise\u00f1ada con motivos \u00fanicos y hermosos. Fabricada en acero inoxidable importado, la hoja es muy ligera pero muy resistente. F\u00e1cil de limpiar, no f\u00e1cil de romper, seguro e higi\u00e9nico, hermoso y duradero. \u00a1Un bonito cuchillo que no puede faltar en una cocina!<br \/>\n&#8211; Perfecto Como Regalo &#8211; Los cuchillos de cocina profesionales est\u00e1n equipados con funda, afilador y protecci\u00f3n para los dedos en una caja de regalo negra de alta calidad. Un regalo ideal para los amantes de la cocina y para su amigo chef. Compre sin riesgo, 30 d\u00edas de garant\u00eda de devoluci\u00f3n y reembolso. Contacta con nosotros por email si tienes alguna duda, te ayudaremos a resolverla lo antes posible<\/p>\n","protected":false},"excerpt":{"rendered":"<p>MOSFiATA Cuchillos de Cocinero Profesional, 20cm, Acero Inoxidable Alem\u00e1n con Afilador, Protector de Dedos y Funda, para Fruta, Verduras y Carne<\/p>\n","protected":false},"featured_media":63,"comment_status":"open","ping_status":"closed","template":"","meta":{"saved_in_kubio":false},"product_cat":[15],"product_tag":[],"class_list":{"0":"post-64","1":"product","2":"type-product","3":"status-publish","4":"has-post-thumbnail","6":"product_cat-sin-categorizar","8":"first","9":"instock","10":"shipping-taxable","11":"product-type-external"},"_links":{"self":[{"href":"https:\/\/ofertasdiversia.com.es\/index.php\/wp-json\/wp\/v2\/product\/64","targetHints":{"allow":["GET"]}}],"collection":[{"href":"https:\/\/ofertasdiversia.com.es\/index.php\/wp-json\/wp\/v2\/product"}],"about":[{"href":"https:\/\/ofertasdiversia.com.es\/index.php\/wp-json\/wp\/v2\/types\/product"}],"replies":[{"embeddable":true,"href":"https:\/\/ofertasdiversia.com.es\/index.php\/wp-json\/wp\/v2\/comments?post=64"}],"wp:featuredmedia":[{"embeddable":true,"href":"https:\/\/ofertasdiversia.com.es\/index.php\/wp-json\/wp\/v2\/media\/63"}],"wp:attachment":[{"href":"https:\/\/ofertasdiversia.com.es\/index.php\/wp-json\/wp\/v2\/media?parent=64"}],"wp:term":[{"taxonomy":"product_cat","embeddable":true,"href":"https:\/\/ofertasdiversia.com.es\/index.php\/wp-json\/wp\/v2\/product_cat?post=64"},{"taxonomy":"product_tag","embeddable":true,"href":"https:\/\/ofertasdiversia.com.es\/index.php\/wp-json\/wp\/v2\/product_tag?post=64"}],"curies":[{"name":"wp","href":"https:\/\/api.w.org\/{rel}","templated":true}]}}