{"id":61,"date":"2024-07-08T23:38:16","date_gmt":"2024-07-08T23:38:16","guid":{"rendered":"https:\/\/ofertasdiversia.com.es\/index.php\/producto\/b0c8v1y2cd\/"},"modified":"2024-07-08T23:38:16","modified_gmt":"2024-07-08T23:38:16","slug":"b0c8v1y2cd","status":"publish","type":"product","link":"https:\/\/ofertasdiversia.com.es\/index.php\/producto\/b0c8v1y2cd\/","title":{"rendered":"B0C8V1Y2CD"},"content":{"rendered":"<p>&#8211; DISE\u00d1O : El logotipo bordado en la parte delantera y los detalles en el bot\u00f3n y los ojales en la corona de la gorra proporcionan un toque especial La visera curvada de la gorra te protege de la claridad<br \/>\n&#8211; COMODIDAD EXCEPCIONAL: La gorra para hombre garantiza una sensaci\u00f3n de ligereza y es el complemento para los d\u00edas de verano calurosos La correa ajustable con logotipo permite ajustarla a la cabeza<br \/>\n&#8211; VERS\u00c1TIL Y PR\u00c1CTICO: Puedes usar este gorro de b\u00e9isbol a diario o para hacer deporte, el accesorio combina a la perfecci\u00f3n con look y realza tu estilo<br \/>\n&#8211; MATERIAL Y CUIDADO: La gorra est\u00e1 confeccionada en sarga de algod\u00f3n org\u00e1nica 100 % Talla \u00fanica Lavar a mano Limpieza y mantenimiento sencillo<br \/>\n&#8211; EMOCIONANTE Y CLARO: La marca de moda Calvin Klein, fundada en 1968, es conocida por su singular look y lleva conquistando el mundo de la moda desde entonces La marca americana apuesta por una est\u00e9tica minimalista<\/p>\n","protected":false},"excerpt":{"rendered":"<p>Calvin Klein Hombre Gorra de B\u00e9isbol Essential Patch Basecap, Azul (Kentucky Blue), Talla \u00danica<\/p>\n","protected":false},"featured_media":60,"comment_status":"open","ping_status":"closed","template":"","meta":{"saved_in_kubio":false},"product_cat":[15],"product_tag":[],"class_list":{"0":"post-61","1":"product","2":"type-product","3":"status-publish","4":"has-post-thumbnail","6":"product_cat-sin-categorizar","8":"first","9":"instock","10":"shipping-taxable","11":"product-type-external"},"_links":{"self":[{"href":"https:\/\/ofertasdiversia.com.es\/index.php\/wp-json\/wp\/v2\/product\/61","targetHints":{"allow":["GET"]}}],"collection":[{"href":"https:\/\/ofertasdiversia.com.es\/index.php\/wp-json\/wp\/v2\/product"}],"about":[{"href":"https:\/\/ofertasdiversia.com.es\/index.php\/wp-json\/wp\/v2\/types\/product"}],"replies":[{"embeddable":true,"href":"https:\/\/ofertasdiversia.com.es\/index.php\/wp-json\/wp\/v2\/comments?post=61"}],"wp:featuredmedia":[{"embeddable":true,"href":"https:\/\/ofertasdiversia.com.es\/index.php\/wp-json\/wp\/v2\/media\/60"}],"wp:attachment":[{"href":"https:\/\/ofertasdiversia.com.es\/index.php\/wp-json\/wp\/v2\/media?parent=61"}],"wp:term":[{"taxonomy":"product_cat","embeddable":true,"href":"https:\/\/ofertasdiversia.com.es\/index.php\/wp-json\/wp\/v2\/product_cat?post=61"},{"taxonomy":"product_tag","embeddable":true,"href":"https:\/\/ofertasdiversia.com.es\/index.php\/wp-json\/wp\/v2\/product_tag?post=61"}],"curies":[{"name":"wp","href":"https:\/\/api.w.org\/{rel}","templated":true}]}}