{"id":4864,"date":"2025-01-29T16:00:45","date_gmt":"2025-01-29T16:00:45","guid":{"rendered":"https:\/\/ofertasdiversia.com.es\/index.php\/producto\/b002vxu8o2\/"},"modified":"2025-01-29T16:00:45","modified_gmt":"2025-01-29T16:00:45","slug":"b002vxu8o2","status":"publish","type":"product","link":"https:\/\/ofertasdiversia.com.es\/index.php\/producto\/b002vxu8o2\/","title":{"rendered":"B002VXU8O2"},"content":{"rendered":"<p>&#8211; Cazuela Honda Redonda De Acero Inoxidable De 3 Capas, Tapa Herm\u00e9tica, Para Cocinar A Diario En Una Sola Olla Sin Complicaciones<br \/>\n&#8211; Base Ancha, Interior De Acero Inoxidable Sin Revestimiento, Conduce Y Retiene El Calor, Cocina Sin Puntos Calientes<br \/>\n&#8211; Vers\u00e1til: Para cocinar con poca grasa, fre\u00edr y saltear sin aceite, adecuado para dorar carne, pescado o verduras o para platos como guisos y gulasch<br \/>\n&#8211; F\u00e1ciles De Usar Y Limpiar: Apta Para Hornos, Parrillas Y Todo Tipo De Placas (Incluida La Inducci\u00f3n), Asas De F\u00e1cil Agarre, F\u00e1cil Lavado A Mano, Apta Para Lavavajillas<br \/>\n&#8211; Contenido: 1x Sart\u00e9n antiadherente de acero inoxidable de 3 capas, Dimensiones: 46 x 26,9 x 9 cm, Peso: 1,07 kg, Color: Plata\/Negro, 96200224001000<\/p>\n","protected":false},"excerpt":{"rendered":"<p>Le Creuset Sart\u00e9n de acero inoxidable 3-Ply con antiadherente 24 cm, 96200224001000<br \/>\n<br \/>\n#Publicidad<\/p>\n","protected":false},"featured_media":4863,"comment_status":"open","ping_status":"closed","template":"","meta":{"saved_in_kubio":false},"product_cat":[15],"product_tag":[],"class_list":{"0":"post-4864","1":"product","2":"type-product","3":"status-publish","4":"has-post-thumbnail","6":"product_cat-sin-categorizar","8":"first","9":"instock","10":"shipping-taxable","11":"product-type-external"},"_links":{"self":[{"href":"https:\/\/ofertasdiversia.com.es\/index.php\/wp-json\/wp\/v2\/product\/4864","targetHints":{"allow":["GET"]}}],"collection":[{"href":"https:\/\/ofertasdiversia.com.es\/index.php\/wp-json\/wp\/v2\/product"}],"about":[{"href":"https:\/\/ofertasdiversia.com.es\/index.php\/wp-json\/wp\/v2\/types\/product"}],"replies":[{"embeddable":true,"href":"https:\/\/ofertasdiversia.com.es\/index.php\/wp-json\/wp\/v2\/comments?post=4864"}],"wp:featuredmedia":[{"embeddable":true,"href":"https:\/\/ofertasdiversia.com.es\/index.php\/wp-json\/wp\/v2\/media\/4863"}],"wp:attachment":[{"href":"https:\/\/ofertasdiversia.com.es\/index.php\/wp-json\/wp\/v2\/media?parent=4864"}],"wp:term":[{"taxonomy":"product_cat","embeddable":true,"href":"https:\/\/ofertasdiversia.com.es\/index.php\/wp-json\/wp\/v2\/product_cat?post=4864"},{"taxonomy":"product_tag","embeddable":true,"href":"https:\/\/ofertasdiversia.com.es\/index.php\/wp-json\/wp\/v2\/product_tag?post=4864"}],"curies":[{"name":"wp","href":"https:\/\/api.w.org\/{rel}","templated":true}]}}