{"id":4682,"date":"2025-01-21T06:00:37","date_gmt":"2025-01-21T06:00:37","guid":{"rendered":"https:\/\/ofertasdiversia.com.es\/index.php\/producto\/b001lbiz4k\/"},"modified":"2025-01-21T06:00:37","modified_gmt":"2025-01-21T06:00:37","slug":"b001lbiz4k","status":"publish","type":"product","link":"https:\/\/ofertasdiversia.com.es\/index.php\/producto\/b001lbiz4k\/","title":{"rendered":"B001LBIZ4K"},"content":{"rendered":"<p>&#8211; Kit completo: este set guitarra electrica contiene todo lo que necesitas para tocar las guitarras el\u00e9ctricas. Amplificador guitarra el\u00e9ctrica , funda, correa, cuerdas de repuesto, cable, llaves de ajuste y palanca de tremolo<br \/>\n&#8211; Construcci\u00f3n: La guitarra iniciacion tiene un m\u00e1stil de madera de arce con 22 trastes y un cuerpo s\u00f3lido que asegura un timbre transparente. La guitarra tiene un acabado de laca brillante y afinadores cromados. Ideal como guitarra electrica ni\u00f1o o como guitarras electricas adultos<br \/>\n&#8211; Pastillas: Las 3 pastillas de bobina simple de esta guitarra inicio se pueden usar en m\u00faltiples configuraciones, lo que hace que este modelo de guitarra sea adecuado para varios estilos. Por ejemplo, esta guitarra se presta muy bien al rock, pero tambi\u00e9n es excelente para la m\u00fasica funk o pop.<br \/>\n&#8211; Amplificador: El amplificador para guitarra electrica de 40w, incluye controles de tono de graves, medios y agudos, control de ganancia, de volumen y un boost. Adem\u00e1s tambi\u00e9n tiene una conexi\u00f3n AUX y el amplificador tambi\u00e9n ofrece la posibilidad de conectar auriculares.<br \/>\n&#8211; Accesorios: Para garantizar que este set sea lo m\u00e1s completo posible, se han agregado varios accesorios: cable de guitarra el\u00e9ctricas de 3 metros, funda de guitarra, correa, afinador de guitarra digital, p\u00faas y un juego de cuerdas de repuesto.<\/p>\n","protected":false},"excerpt":{"rendered":"<p>MAX GigKit &#8211; kit guitarra el\u00e9ctrica de iniciaci\u00f3n, amplificador de guitarra el\u00e9ctrica de 40w, funda de transporte, afinador digital, cuerdas, palanca tremolo, correa, 2 puas, cable de 3m, Color Negro<br \/>\n<br \/>\n#Publicidad<\/p>\n","protected":false},"featured_media":4681,"comment_status":"open","ping_status":"closed","template":"","meta":{"saved_in_kubio":false},"product_cat":[15],"product_tag":[],"class_list":{"0":"post-4682","1":"product","2":"type-product","3":"status-publish","4":"has-post-thumbnail","6":"product_cat-sin-categorizar","8":"first","9":"instock","10":"shipping-taxable","11":"product-type-external"},"_links":{"self":[{"href":"https:\/\/ofertasdiversia.com.es\/index.php\/wp-json\/wp\/v2\/product\/4682","targetHints":{"allow":["GET"]}}],"collection":[{"href":"https:\/\/ofertasdiversia.com.es\/index.php\/wp-json\/wp\/v2\/product"}],"about":[{"href":"https:\/\/ofertasdiversia.com.es\/index.php\/wp-json\/wp\/v2\/types\/product"}],"replies":[{"embeddable":true,"href":"https:\/\/ofertasdiversia.com.es\/index.php\/wp-json\/wp\/v2\/comments?post=4682"}],"wp:featuredmedia":[{"embeddable":true,"href":"https:\/\/ofertasdiversia.com.es\/index.php\/wp-json\/wp\/v2\/media\/4681"}],"wp:attachment":[{"href":"https:\/\/ofertasdiversia.com.es\/index.php\/wp-json\/wp\/v2\/media?parent=4682"}],"wp:term":[{"taxonomy":"product_cat","embeddable":true,"href":"https:\/\/ofertasdiversia.com.es\/index.php\/wp-json\/wp\/v2\/product_cat?post=4682"},{"taxonomy":"product_tag","embeddable":true,"href":"https:\/\/ofertasdiversia.com.es\/index.php\/wp-json\/wp\/v2\/product_tag?post=4682"}],"curies":[{"name":"wp","href":"https:\/\/api.w.org\/{rel}","templated":true}]}}