{"id":3212,"date":"2024-11-19T22:00:21","date_gmt":"2024-11-19T22:00:21","guid":{"rendered":"https:\/\/ofertasdiversia.com.es\/index.php\/producto\/b0cbjnjh7l\/"},"modified":"2024-11-19T22:00:21","modified_gmt":"2024-11-19T22:00:21","slug":"b0cbjnjh7l","status":"publish","type":"product","link":"https:\/\/ofertasdiversia.com.es\/index.php\/producto\/b0cbjnjh7l\/","title":{"rendered":"B0CBJNJH7L"},"content":{"rendered":"<p>&#8211; \u2615\ud83c\udf81\u3010Regalo Cumplea\u00f1os Mujer 40 A\u00f1os\u3011: El cumplea\u00f1os regalos para mujer incluye rosa caja de regalo, taza de caf\u00e9 rosa, vela perfumada, bola de sal de ba\u00f1o de amor, llavero de acero inoxidable, tarjeta. \u00abNot a Day Over Fabulous\u00bb es una frase que se usa a menudo para expresar confianza, autoestima y positivismo respecto a la edad.<br \/>\n&#8211; \u2615\ud83c\udf81\u3010Taza de Caf\u00e9 de Cer\u00e1mica\u3011: Esta taza de caf\u00e9 de cer\u00e1mica \u00fanica es adecuada para caf\u00e9, t\u00e9 negro, chocolate caliente, leche, jugo y todas las bebidas. El exquisito patr\u00f3n de m\u00e1rmol rosa ser\u00e1 un placer visual.<br \/>\n&#8211; \u2615\ud83c\udf81 \u3010Mejora la Comodidad de Piel\u3011: Usar bolas de sal de ba\u00f1o es una manera f\u00e1cil y agradable de hacer tiempo en tu ajetreada vida para relajarte y darte un capricho. Cree una relajante experiencia de spa en casa que mejore el bienestar f\u00edsico y mental, dej\u00e1ndolo m\u00e1s feliz y relajado.<br \/>\n&#8211; \u2615\ud83c\udf81 \u3010Haz Que se Sienta Relajada\u3011: Hecho de cera de soja natural pura, m\u00e1s respetuosa con el medio ambiente, que transporta perfectamente el aroma y te proporciona una agradable experiencia de aromaterapia. Relaja los nervios, alivia el estr\u00e9s y la ansiedad, etc. mediante la liberaci\u00f3n de aromas. Cree un ambiente adecuado para dormir, mejore la calidad del sue\u00f1o y relaje su cuerpo y mente.<br \/>\n&#8211; \u2615\ud83c\udf81\u3010Regalos de 40 Cumplea\u00f1os para Mujer\u3011: Cada art\u00edculo se selecciona cuidadosamente y la caja regalo cumplea\u00f1os simple se empaqueta cuidadosamente a mano. Gran juego de regalo de cumplea\u00f1os para un amigo, un ser querido o para ti mismo.<\/p>\n","protected":false},"excerpt":{"rendered":"<p>YYDSXK Regalo Cumplea\u00f1os Mujer 40 A\u00f1os, Rosa Taza de Caf\u00e9 6 Piezas Set Regalo de Cumplea\u00f1os para Mujer, Cumplea\u00f1os Regalos Originales para Amigas, Hermanas, Madres, Novias<br \/>\n<br \/>\n#Publicidad<\/p>\n","protected":false},"featured_media":3211,"comment_status":"open","ping_status":"closed","template":"","meta":{"saved_in_kubio":false},"product_cat":[15],"product_tag":[],"class_list":{"0":"post-3212","1":"product","2":"type-product","3":"status-publish","4":"has-post-thumbnail","6":"product_cat-sin-categorizar","8":"first","9":"instock","10":"shipping-taxable","11":"product-type-external"},"_links":{"self":[{"href":"https:\/\/ofertasdiversia.com.es\/index.php\/wp-json\/wp\/v2\/product\/3212","targetHints":{"allow":["GET"]}}],"collection":[{"href":"https:\/\/ofertasdiversia.com.es\/index.php\/wp-json\/wp\/v2\/product"}],"about":[{"href":"https:\/\/ofertasdiversia.com.es\/index.php\/wp-json\/wp\/v2\/types\/product"}],"replies":[{"embeddable":true,"href":"https:\/\/ofertasdiversia.com.es\/index.php\/wp-json\/wp\/v2\/comments?post=3212"}],"wp:featuredmedia":[{"embeddable":true,"href":"https:\/\/ofertasdiversia.com.es\/index.php\/wp-json\/wp\/v2\/media\/3211"}],"wp:attachment":[{"href":"https:\/\/ofertasdiversia.com.es\/index.php\/wp-json\/wp\/v2\/media?parent=3212"}],"wp:term":[{"taxonomy":"product_cat","embeddable":true,"href":"https:\/\/ofertasdiversia.com.es\/index.php\/wp-json\/wp\/v2\/product_cat?post=3212"},{"taxonomy":"product_tag","embeddable":true,"href":"https:\/\/ofertasdiversia.com.es\/index.php\/wp-json\/wp\/v2\/product_tag?post=3212"}],"curies":[{"name":"wp","href":"https:\/\/api.w.org\/{rel}","templated":true}]}}