{"id":2416,"date":"2024-10-18T12:00:40","date_gmt":"2024-10-18T12:00:40","guid":{"rendered":"https:\/\/ofertasdiversia.com.es\/index.php\/producto\/b000witgqo\/"},"modified":"2024-10-18T12:00:40","modified_gmt":"2024-10-18T12:00:40","slug":"b000witgqo","status":"publish","type":"product","link":"https:\/\/ofertasdiversia.com.es\/index.php\/producto\/b000witgqo\/","title":{"rendered":"B000WITGQO"},"content":{"rendered":"<p>&#8211; Guitarra ac\u00fastica tipo western con un sonido definido: destaca por su timbre completo y equilibrado; una guitarra todoterreno, presenta una construcci\u00f3n de calidad y confort a la hora de tocar<br \/>\n&#8211; Del blues hasta el rock, la guitarra ac\u00fastica tiene cabida en muchos y diferentes estilos; descubre la calidad de sonido y construcci\u00f3n que distingue a las guitarras de la serie Folk de Yamaha<br \/>\n&#8211; Dise\u00f1o atractivo con tapa de picea, diapas\u00f3n de palosanto y fondo y aros de meranti, la guitarra es ligera y de calidad; el marr\u00f3n matizado de la madera le da un aspecto cl\u00e1sico<br \/>\n&#8211; Recomendada por profesores de m\u00fasica, es adecuada para los principiantes que quieren combinar calidad y confort con un tono rico y c\u00e1lido; Presenta cuerdas de acero y clavijas de afinaci\u00f3n cromadas<br \/>\n&#8211; Contenido del env\u00edo: 1 x Guitarra Ac\u00fastica Yamaha F310 \/ Escala 634 mm (25 pulgadas)<\/p>\n","protected":false},"excerpt":{"rendered":"<p>Yamaha F310 Guitarra Ac\u00fastica &#8211; Guitarra Folk 4\/4 de madera, 63.4 cm, 25 pulgadas, 6 cuerdas met\u00e1licas, color Marr\u00f3n (Tobacco Brown Sunburst)<br \/>\n<br \/>\n#Publicidad<\/p>\n","protected":false},"featured_media":2415,"comment_status":"open","ping_status":"closed","template":"","meta":{"saved_in_kubio":false},"product_cat":[15],"product_tag":[],"class_list":{"0":"post-2416","1":"product","2":"type-product","3":"status-publish","4":"has-post-thumbnail","6":"product_cat-sin-categorizar","8":"first","9":"instock","10":"shipping-taxable","11":"product-type-external"},"_links":{"self":[{"href":"https:\/\/ofertasdiversia.com.es\/index.php\/wp-json\/wp\/v2\/product\/2416","targetHints":{"allow":["GET"]}}],"collection":[{"href":"https:\/\/ofertasdiversia.com.es\/index.php\/wp-json\/wp\/v2\/product"}],"about":[{"href":"https:\/\/ofertasdiversia.com.es\/index.php\/wp-json\/wp\/v2\/types\/product"}],"replies":[{"embeddable":true,"href":"https:\/\/ofertasdiversia.com.es\/index.php\/wp-json\/wp\/v2\/comments?post=2416"}],"wp:featuredmedia":[{"embeddable":true,"href":"https:\/\/ofertasdiversia.com.es\/index.php\/wp-json\/wp\/v2\/media\/2415"}],"wp:attachment":[{"href":"https:\/\/ofertasdiversia.com.es\/index.php\/wp-json\/wp\/v2\/media?parent=2416"}],"wp:term":[{"taxonomy":"product_cat","embeddable":true,"href":"https:\/\/ofertasdiversia.com.es\/index.php\/wp-json\/wp\/v2\/product_cat?post=2416"},{"taxonomy":"product_tag","embeddable":true,"href":"https:\/\/ofertasdiversia.com.es\/index.php\/wp-json\/wp\/v2\/product_tag?post=2416"}],"curies":[{"name":"wp","href":"https:\/\/api.w.org\/{rel}","templated":true}]}}