{"id":11167,"date":"2026-04-23T06:00:34","date_gmt":"2026-04-23T06:00:34","guid":{"rendered":"https:\/\/ofertasdiversia.com.es\/index.php\/producto\/b0039ut5qs\/"},"modified":"2026-04-23T06:00:34","modified_gmt":"2026-04-23T06:00:34","slug":"b0039ut5qs","status":"publish","type":"product","link":"https:\/\/ofertasdiversia.com.es\/index.php\/producto\/b0039ut5qs\/","title":{"rendered":"B0039UT5QS"},"content":{"rendered":"<p>&#8211; Incluye indicador de fecha y pantalla de ne\u00f3n que brilla en la oscuridad<br \/>\n&#8211; Cristal mineral, dif\u00edcil de rayar, que protege el reloj de da\u00f1os externos<br \/>\n&#8211; Correa y caja s\u00f3lida de acero inoxidable con cierre de seguridad<br \/>\n&#8211; La duraci\u00f3n de la bater\u00eda es de 3 a\u00f1os<br \/>\n&#8211; Resistente al agua hasta 5 bar \/ 50 metros<\/p>\n","protected":false},"excerpt":{"rendered":"<p>Reloj Casio para Hombre MTP-1302SG-7AVEF<br \/>\n<br \/>\n#Publicidad<\/p>\n","protected":false},"featured_media":11166,"comment_status":"open","ping_status":"closed","template":"","meta":{"saved_in_kubio":false},"product_cat":[15],"product_tag":[],"class_list":{"0":"post-11167","1":"product","2":"type-product","3":"status-publish","4":"has-post-thumbnail","6":"product_cat-sin-categorizar","8":"first","9":"instock","10":"shipping-taxable","11":"product-type-external"},"_links":{"self":[{"href":"https:\/\/ofertasdiversia.com.es\/index.php\/wp-json\/wp\/v2\/product\/11167","targetHints":{"allow":["GET"]}}],"collection":[{"href":"https:\/\/ofertasdiversia.com.es\/index.php\/wp-json\/wp\/v2\/product"}],"about":[{"href":"https:\/\/ofertasdiversia.com.es\/index.php\/wp-json\/wp\/v2\/types\/product"}],"replies":[{"embeddable":true,"href":"https:\/\/ofertasdiversia.com.es\/index.php\/wp-json\/wp\/v2\/comments?post=11167"}],"wp:featuredmedia":[{"embeddable":true,"href":"https:\/\/ofertasdiversia.com.es\/index.php\/wp-json\/wp\/v2\/media\/11166"}],"wp:attachment":[{"href":"https:\/\/ofertasdiversia.com.es\/index.php\/wp-json\/wp\/v2\/media?parent=11167"}],"wp:term":[{"taxonomy":"product_cat","embeddable":true,"href":"https:\/\/ofertasdiversia.com.es\/index.php\/wp-json\/wp\/v2\/product_cat?post=11167"},{"taxonomy":"product_tag","embeddable":true,"href":"https:\/\/ofertasdiversia.com.es\/index.php\/wp-json\/wp\/v2\/product_tag?post=11167"}],"curies":[{"name":"wp","href":"https:\/\/api.w.org\/{rel}","templated":true}]}}