{"id":104,"date":"2024-07-10T02:00:22","date_gmt":"2024-07-10T02:00:22","guid":{"rendered":"https:\/\/ofertasdiversia.com.es\/index.php\/producto\/b08khytkzc\/"},"modified":"2024-07-10T02:00:22","modified_gmt":"2024-07-10T02:00:22","slug":"b08khytkzc","status":"publish","type":"product","link":"https:\/\/ofertasdiversia.com.es\/index.php\/producto\/b08khytkzc\/","title":{"rendered":"B08KHYTKZC"},"content":{"rendered":"<p>&#8211; \u2705 MULTIFUNCIONAL: cuna de colecho 2 en 1 para beb\u00e9s reci\u00e9n nacidos hasta 75 cm de altura, 9 kg de peso o hasta cuando el beb\u00e9 empieza a sentarse (lo que ocurra primero). Puede servir como una cuna de colecho o cuna independiente. Si es necesario, se puede utilizar como una cuna de viaje<br \/>\n&#8211; \u2705 SEGURA: la estructura es de acero s\u00f3lido y duradero. Tiene patas largas que aumentan la estabilidad de la cuna. La pared que se baja est\u00e1 protegida adicionalmente por un material suave. La cuna cumple con las normas EEN 16890:2017 y EN 1130:2019 para cunas y cunas de colecho<br \/>\n&#8211; \u2705 ERGON\u00d3MICA: tiene un colch\u00f3n firme (recomendado por fisioterapeutas) y 5 niveles de ajuste de altura del colch\u00f3n. Es universal: las patas ajustables permiten adaptar mejor la cuna a la cama de los padres, y la sujeci\u00f3n es por medio de cuerdas largas y seguras. El \u00e1ngulo del colch\u00f3n puede ajustarse en 2 niveles<br \/>\n&#8211; \u2705 PR\u00c1CTICA: el lado plegable se baja enseguida para que la NESTE UP se convierta de una cuna normal a una cuna de colecho. Hay una malla en uno de los lados que proporciona circulaci\u00f3n de aire. Los padres siempre pueden vigilar al peque\u00f1o. La cuna colecho facilita la lactancia nocturna<br \/>\n&#8211; \u2705 ACCESORIOS: s\u00e1bana de algod\u00f3n 100%, colch\u00f3n firme incluido en el juego. El colch\u00f3n tiene dimensiones de 89 largo y 52 cm ancho. La funda se puede lavar a m\u00e1quina (30 grados, programa suave)<\/p>\n","protected":false},"excerpt":{"rendered":"<p>Kinderkraft Cuna Colecho 2 en 1 NESTE UP, Ajustable, Plegable, Accesorios, Gris Mezcla<br \/>\n<br \/>\n#Publicidad<\/p>\n","protected":false},"featured_media":103,"comment_status":"open","ping_status":"closed","template":"","meta":{"saved_in_kubio":false},"product_cat":[15],"product_tag":[],"class_list":{"0":"post-104","1":"product","2":"type-product","3":"status-publish","4":"has-post-thumbnail","6":"product_cat-sin-categorizar","8":"first","9":"instock","10":"shipping-taxable","11":"product-type-external"},"_links":{"self":[{"href":"https:\/\/ofertasdiversia.com.es\/index.php\/wp-json\/wp\/v2\/product\/104","targetHints":{"allow":["GET"]}}],"collection":[{"href":"https:\/\/ofertasdiversia.com.es\/index.php\/wp-json\/wp\/v2\/product"}],"about":[{"href":"https:\/\/ofertasdiversia.com.es\/index.php\/wp-json\/wp\/v2\/types\/product"}],"replies":[{"embeddable":true,"href":"https:\/\/ofertasdiversia.com.es\/index.php\/wp-json\/wp\/v2\/comments?post=104"}],"wp:featuredmedia":[{"embeddable":true,"href":"https:\/\/ofertasdiversia.com.es\/index.php\/wp-json\/wp\/v2\/media\/103"}],"wp:attachment":[{"href":"https:\/\/ofertasdiversia.com.es\/index.php\/wp-json\/wp\/v2\/media?parent=104"}],"wp:term":[{"taxonomy":"product_cat","embeddable":true,"href":"https:\/\/ofertasdiversia.com.es\/index.php\/wp-json\/wp\/v2\/product_cat?post=104"},{"taxonomy":"product_tag","embeddable":true,"href":"https:\/\/ofertasdiversia.com.es\/index.php\/wp-json\/wp\/v2\/product_tag?post=104"}],"curies":[{"name":"wp","href":"https:\/\/api.w.org\/{rel}","templated":true}]}}